{"id":683,"date":"2022-07-22T13:12:53","date_gmt":"2022-07-22T12:12:53","guid":{"rendered":"https:\/\/www.vesteyfoodsint.com\/contacto\/"},"modified":"2025-09-02T11:29:11","modified_gmt":"2025-09-02T10:29:11","slug":"contacto","status":"publish","type":"page","link":"https:\/\/www.vesteyfoodsint.com\/es\/contacto\/","title":{"rendered":"Contacto"},"content":{"rendered":"\n<div class=\"vestey-block--banner vestey-block--banner--size-standard wp-block has-background-color has-light-green-background-color\"><div class=\"vestey-block--banner__content\">\n<h1 class=\"vestey-block--banner__title has-dark-green-color has-text-color\" style=\"font-style:normal;font-weight:400\">\u00bfC\u00f3mo podemos ayudarle?<\/h1>\n\n\n\n<h1 class=\"vestey-block--banner__title has-dark-green-color has-text-color\" style=\"font-style:normal;font-weight:400\">Ponte en contacto con nosotros hoy<\/h1>\n<\/div><div class=\"vestey-block--banner__media has-background\"><img loading=\"lazy\" width=\"2560\" height=\"1707\" src=\"https:\/\/www.vesteyfoodsint.com\/wp-content\/uploads\/sites\/3\/2022\/07\/AdobeStock_344153875-scaled.jpeg\" alt=\"\" class=\"vestey-block--banner__image vestey-block--banner__source wp-image-598\" srcset=\"https:\/\/www.vesteyfoodsint.com\/wp-content\/uploads\/sites\/3\/2022\/07\/AdobeStock_344153875-scaled.jpeg 2560w, https:\/\/www.vesteyfoodsint.com\/wp-content\/uploads\/sites\/3\/2022\/07\/AdobeStock_344153875-300x200.jpeg 300w, https:\/\/www.vesteyfoodsint.com\/wp-content\/uploads\/sites\/3\/2022\/07\/AdobeStock_344153875-1024x683.jpeg 1024w, https:\/\/www.vesteyfoodsint.com\/wp-content\/uploads\/sites\/3\/2022\/07\/AdobeStock_344153875-768x512.jpeg 768w, https:\/\/www.vesteyfoodsint.com\/wp-content\/uploads\/sites\/3\/2022\/07\/AdobeStock_344153875-1536x1024.jpeg 1536w, https:\/\/www.vesteyfoodsint.com\/wp-content\/uploads\/sites\/3\/2022\/07\/AdobeStock_344153875-2048x1365.jpeg 2048w, https:\/\/www.vesteyfoodsint.com\/wp-content\/uploads\/sites\/3\/2022\/07\/AdobeStock_344153875-1600x1067.jpeg 1600w\" sizes=\"(max-width: 2560px) 100vw, 2560px\" \/><\/div><\/div>\n\n\n\n<p> <\/p>\n\n\n\n<div class=\"wp-block-getwid-image-hotspot\" data-appearance-animation=\"none\" data-image-points=\"[{&quot;link&quot;:&quot;&quot;,&quot;icon&quot;:&quot;fas fa-map-marker-alt&quot;,&quot;title&quot;:&quot;France, Paris &amp; Ploemeur&quot;,&quot;color&quot;:&quot;&quot;,&quot;content&quot;:&quot;15 Avenue de la Grande Arm\u00e9e, \\n75116, Paris\\nFrance\\n&quot;,&quot;backgroundColor&quot;:&quot;#4FBB02&quot;,&quot;newTab&quot;:false,&quot;popUpOpen&quot;:false,&quot;popUpWidth&quot;:350,&quot;placement&quot;:&quot;top&quot;,&quot;position&quot;:{&quot;x&quot;:&quot;46.25%&quot;,&quot;y&quot;:&quot;30.93%&quot;}},{&quot;link&quot;:&quot;&quot;,&quot;icon&quot;:&quot;fas fa-map-marker-alt&quot;,&quot;title&quot;:&quot;Norway, Oslo &quot;,&quot;color&quot;:&quot;&quot;,&quot;content&quot;:&quot;Akersgata 1, 0158, Oslo&quot;,&quot;backgroundColor&quot;:&quot;#4FBB02&quot;,&quot;newTab&quot;:false,&quot;popUpOpen&quot;:false,&quot;popUpWidth&quot;:350,&quot;placement&quot;:&quot;top&quot;,&quot;position&quot;:{&quot;x&quot;:&quot;47.26%&quot;,&quot;y&quot;:&quot;19.20%&quot;}},{&quot;link&quot;:&quot;&quot;,&quot;icon&quot;:&quot;fas fa-map-marker-alt&quot;,&quot;title&quot;:&quot;China, Qingdao&quot;,&quot;color&quot;:&quot;&quot;,&quot;content&quot;:&quot;&quot;,&quot;backgroundColor&quot;:&quot;#4FBB02&quot;,&quot;newTab&quot;:false,&quot;popUpOpen&quot;:false,&quot;popUpWidth&quot;:350,&quot;placement&quot;:&quot;top&quot;,&quot;position&quot;:{&quot;x&quot;:&quot;76.23%&quot;,&quot;y&quot;:&quot;45.03%&quot;}},{&quot;link&quot;:&quot;&quot;,&quot;icon&quot;:&quot;fas fa-map-marker-alt&quot;,&quot;title&quot;:&quot;Brazil, S\u00e3o Paulo&quot;,&quot;color&quot;:&quot;&quot;,&quot;content&quot;:&quot;Rua Eng. Carlos Euler, ap 202, 70,\\nBarra de Tijuca, R\u00edo de Janeiro, C\u00f3digo Postal 22793-262&quot;,&quot;backgroundColor&quot;:&quot;#4FBB02&quot;,&quot;newTab&quot;:false,&quot;popUpOpen&quot;:false,&quot;popUpWidth&quot;:350,&quot;placement&quot;:&quot;top&quot;,&quot;position&quot;:{&quot;x&quot;:&quot;32.35%&quot;,&quot;y&quot;:&quot;67.59%&quot;}},{&quot;link&quot;:&quot;&quot;,&quot;icon&quot;:&quot;fas fa-map-marker-alt&quot;,&quot;title&quot;:&quot;United Kingdon, London &quot;,&quot;color&quot;:&quot;&quot;,&quot;content&quot;:&quot;UK \u2013 Head Office\\nVestey Foods International Ltd, 29 Ullswater Crescent, Surrey CR5 2HR&quot;,&quot;backgroundColor&quot;:&quot;#4FBB02&quot;,&quot;newTab&quot;:false,&quot;popUpOpen&quot;:false,&quot;popUpWidth&quot;:350,&quot;placement&quot;:&quot;top&quot;,&quot;position&quot;:{&quot;x&quot;:&quot;44.67%&quot;,&quot;y&quot;:&quot;28.89%&quot;}},{&quot;link&quot;:&quot;&quot;,&quot;icon&quot;:&quot;fas fa-map-marker-alt&quot;,&quot;title&quot;:&quot;Poland, Warsaw &amp; Krak\u00f3w&quot;,&quot;color&quot;:&quot;&quot;,&quot;content&quot;:&quot;Janiszowska 14, 02-264 Varsovia&quot;,&quot;backgroundColor&quot;:&quot;#4FBB02&quot;,&quot;newTab&quot;:false,&quot;popUpOpen&quot;:false,&quot;popUpWidth&quot;:350,&quot;placement&quot;:&quot;top&quot;,&quot;position&quot;:{&quot;x&quot;:&quot;51.87%&quot;,&quot;y&quot;:&quot;29.07%&quot;}},{&quot;link&quot;:&quot;&quot;,&quot;icon&quot;:&quot;fas fa-map-marker-alt&quot;,&quot;title&quot;:&quot;Denmark, Copenhagen &amp; Esbjerg&quot;,&quot;color&quot;:&quot;&quot;,&quot;content&quot;:&quot;Herluf Trolles Gade 4, 2.sal, 1052 Copenhague K&quot;,&quot;backgroundColor&quot;:&quot;#4FBB02&quot;,&quot;newTab&quot;:false,&quot;popUpOpen&quot;:false,&quot;popUpWidth&quot;:350,&quot;placement&quot;:&quot;top&quot;,&quot;position&quot;:{&quot;x&quot;:&quot;49.09%&quot;,&quot;y&quot;:&quot;22.06%&quot;}},{&quot;link&quot;:&quot;&quot;,&quot;icon&quot;:&quot;fas fa-map-marker-alt&quot;,&quot;title&quot;:&quot;Spain, Valencia&quot;,&quot;color&quot;:&quot;&quot;,&quot;content&quot;:&quot;Plaza Ayuntamiento No 6\\n4 Piso, Puerta 7, 46002\\nValencia, Spain\\n&quot;,&quot;backgroundColor&quot;:&quot;#4FBB02&quot;,&quot;newTab&quot;:false,&quot;popUpOpen&quot;:false,&quot;popUpWidth&quot;:350,&quot;placement&quot;:&quot;top&quot;,&quot;position&quot;:{&quot;x&quot;:&quot;44.91%&quot;,&quot;y&quot;:&quot;39.40%&quot;}},{&quot;link&quot;:&quot;&quot;,&quot;icon&quot;:&quot;fas fa-map-marker-alt&quot;,&quot;title&quot;:&quot;Argentina, C\u00f3rdoba&quot;,&quot;color&quot;:&quot;&quot;,&quot;content&quot;:&quot;&quot;,&quot;backgroundColor&quot;:&quot;#4FBB02&quot;,&quot;newTab&quot;:false,&quot;popUpOpen&quot;:false,&quot;popUpWidth&quot;:350,&quot;placement&quot;:&quot;top&quot;,&quot;position&quot;:{&quot;x&quot;:&quot;26.84%&quot;,&quot;y&quot;:&quot;89.25%&quot;}},{&quot;link&quot;:&quot;&quot;,&quot;icon&quot;:&quot;fas fa-map-marker-alt&quot;,&quot;title&quot;:&quot;USA, Wilmington&quot;,&quot;color&quot;:&quot;#ffffff&quot;,&quot;content&quot;:&quot;321 North Front Street, Wilmington, NC28401&quot;,&quot;backgroundColor&quot;:&quot;#4FBB02&quot;,&quot;newTab&quot;:false,&quot;popUpOpen&quot;:false,&quot;popUpWidth&quot;:350,&quot;placement&quot;:&quot;top&quot;,&quot;position&quot;:{&quot;x&quot;:&quot;24.36%&quot;,&quot;y&quot;:&quot;36.85%&quot;}}]\" data-trigger=\"click\" data-theme=\"light\" data-tooltip-animation=\"shift-toward\" data-arrow=\"true\"><div class=\"wp-block-getwid-image-hotspot__wrapper\"><img loading=\"lazy\" width=\"1014\" height=\"540\" src=\"http:\/\/www.vesteyfoodsint.com\/wp-content\/uploads\/sites\/3\/2022\/08\/world-map.png\" alt=\"Map of the world\" class=\"wp-block-getwid-image-hotspot__image wp-image-783\" srcset=\"https:\/\/www.vesteyfoodsint.com\/wp-content\/uploads\/sites\/3\/2022\/08\/world-map.png 1014w, https:\/\/www.vesteyfoodsint.com\/wp-content\/uploads\/sites\/3\/2022\/08\/world-map-300x160.png 300w, https:\/\/www.vesteyfoodsint.com\/wp-content\/uploads\/sites\/3\/2022\/08\/world-map-768x409.png 768w, https:\/\/www.vesteyfoodsint.com\/wp-content\/uploads\/sites\/3\/2022\/08\/world-map-24x13.png 24w, https:\/\/www.vesteyfoodsint.com\/wp-content\/uploads\/sites\/3\/2022\/08\/world-map-36x19.png 36w, https:\/\/www.vesteyfoodsint.com\/wp-content\/uploads\/sites\/3\/2022\/08\/world-map-48x26.png 48w\" sizes=\"(max-width: 1014px) 100vw, 1014px\" \/><div data-point-id=\"0\" class=\"wp-block-getwid-image-hotspot__dot has-animation-pulse\" style=\"left:46.25%;top:30.93%;background-color:#4FBB02\"><div class=\"wp-block-getwid-image-hotspot__dot-wrapper\"><div class=\"wp-block-getwid-image-hotspot__dot-content\"><i class=\"fas fa-map-marker-alt wp-block-getwid-image-hotspot__dot-icon\"><\/i><\/div><\/div><div class=\"wp-block-getwid-image-hotspot__dot-description\"><div class=\"wp-block-getwid-image-hotspot__dot-title\">France, Paris &amp; Ploemeur<\/div><\/div><\/div><div data-point-id=\"1\" class=\"wp-block-getwid-image-hotspot__dot has-animation-pulse\" style=\"left:47.26%;top:19.20%;background-color:#4FBB02\"><div class=\"wp-block-getwid-image-hotspot__dot-wrapper\"><div class=\"wp-block-getwid-image-hotspot__dot-content\"><i class=\"fas fa-map-marker-alt wp-block-getwid-image-hotspot__dot-icon\"><\/i><\/div><\/div><div class=\"wp-block-getwid-image-hotspot__dot-description\"><div class=\"wp-block-getwid-image-hotspot__dot-title\">Norway, Oslo <\/div><\/div><\/div><div data-point-id=\"2\" class=\"wp-block-getwid-image-hotspot__dot has-animation-pulse\" style=\"left:76.23%;top:45.03%;background-color:#4FBB02\"><div class=\"wp-block-getwid-image-hotspot__dot-wrapper\"><div class=\"wp-block-getwid-image-hotspot__dot-content\"><i class=\"fas fa-map-marker-alt wp-block-getwid-image-hotspot__dot-icon\"><\/i><\/div><\/div><div class=\"wp-block-getwid-image-hotspot__dot-description\"><div class=\"wp-block-getwid-image-hotspot__dot-title\">China, Qingdao<\/div><\/div><\/div><div data-point-id=\"3\" class=\"wp-block-getwid-image-hotspot__dot has-animation-pulse\" style=\"left:32.35%;top:67.59%;background-color:#4FBB02\"><div class=\"wp-block-getwid-image-hotspot__dot-wrapper\"><div class=\"wp-block-getwid-image-hotspot__dot-content\"><i class=\"fas fa-map-marker-alt wp-block-getwid-image-hotspot__dot-icon\"><\/i><\/div><\/div><div class=\"wp-block-getwid-image-hotspot__dot-description\"><div class=\"wp-block-getwid-image-hotspot__dot-title\">Brazil, S\u00e3o Paulo<\/div><\/div><\/div><div data-point-id=\"4\" class=\"wp-block-getwid-image-hotspot__dot has-animation-pulse\" style=\"left:44.67%;top:28.89%;background-color:#4FBB02\"><div class=\"wp-block-getwid-image-hotspot__dot-wrapper\"><div class=\"wp-block-getwid-image-hotspot__dot-content\"><i class=\"fas fa-map-marker-alt wp-block-getwid-image-hotspot__dot-icon\"><\/i><\/div><\/div><div class=\"wp-block-getwid-image-hotspot__dot-description\"><div class=\"wp-block-getwid-image-hotspot__dot-title\">United Kingdon, London <\/div><\/div><\/div><div data-point-id=\"5\" class=\"wp-block-getwid-image-hotspot__dot has-animation-pulse\" style=\"left:51.87%;top:29.07%;background-color:#4FBB02\"><div class=\"wp-block-getwid-image-hotspot__dot-wrapper\"><div class=\"wp-block-getwid-image-hotspot__dot-content\"><i class=\"fas fa-map-marker-alt wp-block-getwid-image-hotspot__dot-icon\"><\/i><\/div><\/div><div class=\"wp-block-getwid-image-hotspot__dot-description\"><div class=\"wp-block-getwid-image-hotspot__dot-title\">Poland, Warsaw &amp; Krak\u00f3w<\/div><\/div><\/div><div data-point-id=\"6\" class=\"wp-block-getwid-image-hotspot__dot has-animation-pulse\" style=\"left:49.09%;top:22.06%;background-color:#4FBB02\"><div class=\"wp-block-getwid-image-hotspot__dot-wrapper\"><div class=\"wp-block-getwid-image-hotspot__dot-content\"><i class=\"fas fa-map-marker-alt wp-block-getwid-image-hotspot__dot-icon\"><\/i><\/div><\/div><div class=\"wp-block-getwid-image-hotspot__dot-description\"><div class=\"wp-block-getwid-image-hotspot__dot-title\">Denmark, Copenhagen &amp; Esbjerg<\/div><\/div><\/div><div data-point-id=\"7\" class=\"wp-block-getwid-image-hotspot__dot has-animation-pulse\" style=\"left:44.91%;top:39.40%;background-color:#4FBB02\"><div class=\"wp-block-getwid-image-hotspot__dot-wrapper\"><div class=\"wp-block-getwid-image-hotspot__dot-content\"><i class=\"fas fa-map-marker-alt wp-block-getwid-image-hotspot__dot-icon\"><\/i><\/div><\/div><div class=\"wp-block-getwid-image-hotspot__dot-description\"><div class=\"wp-block-getwid-image-hotspot__dot-title\">Spain, Valencia<\/div><\/div><\/div><div data-point-id=\"8\" class=\"wp-block-getwid-image-hotspot__dot has-animation-pulse\" style=\"left:26.84%;top:89.25%;background-color:#4FBB02\"><div class=\"wp-block-getwid-image-hotspot__dot-wrapper\"><div class=\"wp-block-getwid-image-hotspot__dot-content\"><i class=\"fas fa-map-marker-alt wp-block-getwid-image-hotspot__dot-icon\"><\/i><\/div><\/div><div class=\"wp-block-getwid-image-hotspot__dot-description\"><div class=\"wp-block-getwid-image-hotspot__dot-title\">Argentina, C\u00f3rdoba<\/div><\/div><\/div><div data-point-id=\"9\" class=\"wp-block-getwid-image-hotspot__dot has-animation-pulse\" style=\"left:24.36%;top:36.85%;background-color:#4FBB02\"><div class=\"wp-block-getwid-image-hotspot__dot-wrapper\"><div style=\"color:#ffffff\" class=\"wp-block-getwid-image-hotspot__dot-content\"><i class=\"fas fa-map-marker-alt wp-block-getwid-image-hotspot__dot-icon\"><\/i><\/div><\/div><div class=\"wp-block-getwid-image-hotspot__dot-description\"><div class=\"wp-block-getwid-image-hotspot__dot-title\">USA, Wilmington<\/div><\/div><\/div><\/div><\/div>\n\n\n\n<p><\/p>\n\n\n\n<div class=\"wp-container-1 wp-block-group has-very-pale-green-background-color has-background\">\n<h2 class=\"has-text-align-center has-dark-green-color has-text-color\">Nuestras oficinas locales<\/h2>\n\n\n\n<div class=\"wp-block-columns has-very-pale-green-background-color has-background\">\n<div class=\"wp-block-column\">\n<p class=\"has-text-align-center has-medium-font-size\"><strong>Oficina central, Reino Unido<\/strong><\/p>\n\n\n\n<p class=\"has-text-align-center\"><strong>\n  <em>Direcci\u00f3n<\/em>\n<\/strong>29 Ullswater Crescent, Surrey, Reino Unido CR5 2HR<\/p>\n\n\n\n<p class=\"has-text-align-center has-medium-font-size\"><strong>R\u00edo de Janeiro, Brasil<\/strong><\/p>\n\n\n\n<p class=\"has-text-align-center\"><strong>\n  <em>Direcci\u00f3n<\/em>\n<\/strong>: Rua Eng. Carlos Euler, ap 202, 70,<\/p>\n\n\n\n<p class=\"has-text-align-center\">  Barra de Tijuca, R\u00edo de Janeiro, C\u00f3digo Postal 22793-262<\/p>\n\n\n\n<p class=\"has-text-align-center has-medium-font-size\"><strong>Copenhague, Dinamarca<\/strong><\/p>\n\n\n\n<p class=\"has-text-align-center\"><strong>\n  <em>Direcci\u00f3n<\/em>\n<\/strong>: Herluf Trolles Gade 4, 2.sal, 1052 Copenhague K<\/p>\n\n\n\n<p class=\"has-text-align-center has-medium-font-size\"><strong>Ploemeur, Francia<\/strong><\/p>\n\n\n\n<p class=\"has-text-align-center\"><strong>\n  <em>Direcci\u00f3n<\/em>\n<\/strong>: Parque tecnol\u00f3gico de soja, 56270<\/p>\n\n\n\n<p class=\"has-text-align-center has-medium-font-size\"><strong>Wilmington, Estados Unidos<\/strong><\/p>\n\n\n\n<p class=\"has-text-align-center\"><strong>\n  <em>Direcci\u00f3n<\/em>\n<\/strong>: 321 North Front Street, Wilmington, 28401 NC<\/p>\n<\/div>\n\n\n\n<div class=\"wp-block-column\">\n<p class=\"has-text-align-center has-medium-font-size\"><strong>Par\u00eds, Francia  <\/strong><\/p>\n\n\n\n<p class=\"has-text-align-center\"><strong>\n  <em>Direcci\u00f3n<\/em>\n<\/strong>: 15 Avenue de la Grande Arm\u00e9e, 75116<\/p>\n\n\n\n<p class=\"has-text-align-center has-medium-font-size\"><strong>Qingdao, China<\/strong><\/p>\n\n\n\n<p class=\"has-text-align-center\"><strong>\n  <em>Direcci\u00f3n<\/em>\n<\/strong>: RM809, Edificio A de TOP YIHE,  <\/p>\n\n\n\n<p class=\"has-text-align-center\">Hong Kong Middle Road, Qingdao, Shandong<\/p>\n\n\n\n<p class=\"has-text-align-center has-medium-font-size\"><strong>Oslo, Noruega  <\/strong><\/p>\n\n\n\n<p class=\"has-text-align-center\"><strong>\n  <em>Direcci\u00f3n<\/em>\n<\/strong>: Akersgata 1, 0158, Oslo<\/p>\n\n\n\n<p class=\"has-text-align-center has-medium-font-size\"><strong>Varsovia, Polonia<\/strong><\/p>\n\n\n\n<p class=\"has-text-align-center\"><strong>\n  <em>Direcci\u00f3n<\/em>\n<\/strong>: Janiszowska 14, 02-264 Varsovia,<\/p>\n<\/div>\n<\/div>\n<\/div>\n","protected":false},"excerpt":{"rendered":"<p>Nuestras oficinas locales Oficina central, Reino Unido Direcci\u00f3n 29 Ullswater Crescent, Surrey, Reino Unido CR5 2HR R\u00edo de Janeiro, Brasil Direcci\u00f3n : Rua Eng. Carlos Euler, ap 202, 70, Barra de Tijuca, R\u00edo de Janeiro, C\u00f3digo Postal 22793-262 Copenhague, Dinamarca Direcci\u00f3n : Herluf Trolles Gade 4, 2.sal, 1052 Copenhague K Ploemeur, Francia Direcci\u00f3n : Parque [&hellip;]<\/p>\n","protected":false},"author":1,"featured_media":0,"parent":0,"menu_order":20,"comment_status":"closed","ping_status":"closed","template":"","meta":[],"acf":[],"yoast_head":"<!-- This site is optimized with the Yoast SEO plugin v19.3 - https:\/\/yoast.com\/wordpress\/plugins\/seo\/ -->\n<title>Contacto - Vestey Foods International<\/title>\n<meta name=\"robots\" content=\"index, follow, max-snippet:-1, max-image-preview:large, max-video-preview:-1\" \/>\n<link rel=\"canonical\" href=\"https:\/\/www.vesteyfoodsint.com\/es\/contacto\/\" \/>\n<meta property=\"og:locale\" content=\"es_ES\" \/>\n<meta property=\"og:type\" content=\"article\" \/>\n<meta property=\"og:title\" content=\"Contacto - Vestey Foods International\" \/>\n<meta property=\"og:description\" content=\"Nuestras oficinas locales Oficina central, Reino Unido Direcci\u00f3n 29 Ullswater Crescent, Surrey, Reino Unido CR5 2HR R\u00edo de Janeiro, Brasil Direcci\u00f3n : Rua Eng. Carlos Euler, ap 202, 70, Barra de Tijuca, R\u00edo de Janeiro, C\u00f3digo Postal 22793-262 Copenhague, Dinamarca Direcci\u00f3n : Herluf Trolles Gade 4, 2.sal, 1052 Copenhague K Ploemeur, Francia Direcci\u00f3n : Parque [&hellip;]\" \/>\n<meta property=\"og:url\" content=\"https:\/\/www.vesteyfoodsint.com\/es\/contacto\/\" \/>\n<meta property=\"og:site_name\" content=\"Vestey Foods International\" \/>\n<meta property=\"article:modified_time\" content=\"2025-09-02T10:29:11+00:00\" \/>\n<meta property=\"og:image\" content=\"https:\/\/www.vesteyfoodsint.com\/wp-content\/uploads\/sites\/3\/2022\/07\/AdobeStock_344153875-scaled.jpeg\" \/>\n<meta name=\"twitter:card\" content=\"summary_large_image\" \/>\n<meta name=\"twitter:label1\" content=\"Est. reading time\" \/>\n\t<meta name=\"twitter:data1\" content=\"1 minute\" \/>\n<script type=\"application\/ld+json\" class=\"yoast-schema-graph\">{\"@context\":\"https:\/\/schema.org\",\"@graph\":[{\"@type\":\"WebSite\",\"@id\":\"https:\/\/www.vesteyfoodsint.com\/#website\",\"url\":\"https:\/\/www.vesteyfoodsint.com\/\",\"name\":\"Vestey Foods International\",\"description\":\"Since 1897\",\"potentialAction\":[{\"@type\":\"SearchAction\",\"target\":{\"@type\":\"EntryPoint\",\"urlTemplate\":\"https:\/\/www.vesteyfoodsint.com\/?s={search_term_string}\"},\"query-input\":\"required name=search_term_string\"}],\"inLanguage\":\"es-ES\"},{\"@type\":\"ImageObject\",\"inLanguage\":\"es-ES\",\"@id\":\"https:\/\/www.vesteyfoodsint.com\/es\/contacto\/#primaryimage\",\"url\":\"https:\/\/www.vesteyfoodsint.com\/wp-content\/uploads\/sites\/3\/2022\/07\/AdobeStock_344153875-scaled.jpeg\",\"contentUrl\":\"https:\/\/www.vesteyfoodsint.com\/wp-content\/uploads\/sites\/3\/2022\/07\/AdobeStock_344153875-scaled.jpeg\",\"width\":2560,\"height\":1707,\"caption\":\"Sonriente, simp\u00e1tico y joven operador de centro de llamadas.\"},{\"@type\":\"WebPage\",\"@id\":\"https:\/\/www.vesteyfoodsint.com\/es\/contacto\/\",\"url\":\"https:\/\/www.vesteyfoodsint.com\/es\/contacto\/\",\"name\":\"Contacto - Vestey Foods International\",\"isPartOf\":{\"@id\":\"https:\/\/www.vesteyfoodsint.com\/#website\"},\"primaryImageOfPage\":{\"@id\":\"https:\/\/www.vesteyfoodsint.com\/es\/contacto\/#primaryimage\"},\"datePublished\":\"2022-07-22T12:12:53+00:00\",\"dateModified\":\"2025-09-02T10:29:11+00:00\",\"breadcrumb\":{\"@id\":\"https:\/\/www.vesteyfoodsint.com\/es\/contacto\/#breadcrumb\"},\"inLanguage\":\"es-ES\",\"potentialAction\":[{\"@type\":\"ReadAction\",\"target\":[\"https:\/\/www.vesteyfoodsint.com\/es\/contacto\/\"]}]},{\"@type\":\"BreadcrumbList\",\"@id\":\"https:\/\/www.vesteyfoodsint.com\/es\/contacto\/#breadcrumb\",\"itemListElement\":[{\"@type\":\"ListItem\",\"position\":1,\"name\":\"Home\",\"item\":\"https:\/\/www.vesteyfoodsint.com\/es\/\"},{\"@type\":\"ListItem\",\"position\":2,\"name\":\"Contacto\"}]}]}<\/script>\n<!-- \/ Yoast SEO plugin. -->","yoast_head_json":{"title":"Contacto - Vestey Foods International","robots":{"index":"index","follow":"follow","max-snippet":"max-snippet:-1","max-image-preview":"max-image-preview:large","max-video-preview":"max-video-preview:-1"},"canonical":"https:\/\/www.vesteyfoodsint.com\/es\/contacto\/","og_locale":"es_ES","og_type":"article","og_title":"Contacto - Vestey Foods International","og_description":"Nuestras oficinas locales Oficina central, Reino Unido Direcci\u00f3n 29 Ullswater Crescent, Surrey, Reino Unido CR5 2HR R\u00edo de Janeiro, Brasil Direcci\u00f3n : Rua Eng. Carlos Euler, ap 202, 70, Barra de Tijuca, R\u00edo de Janeiro, C\u00f3digo Postal 22793-262 Copenhague, Dinamarca Direcci\u00f3n : Herluf Trolles Gade 4, 2.sal, 1052 Copenhague K Ploemeur, Francia Direcci\u00f3n : Parque [&hellip;]","og_url":"https:\/\/www.vesteyfoodsint.com\/es\/contacto\/","og_site_name":"Vestey Foods International","article_modified_time":"2025-09-02T10:29:11+00:00","og_image":[{"url":"https:\/\/www.vesteyfoodsint.com\/wp-content\/uploads\/sites\/3\/2022\/07\/AdobeStock_344153875-scaled.jpeg"}],"twitter_card":"summary_large_image","twitter_misc":{"Est. reading time":"1 minute"},"schema":{"@context":"https:\/\/schema.org","@graph":[{"@type":"WebSite","@id":"https:\/\/www.vesteyfoodsint.com\/#website","url":"https:\/\/www.vesteyfoodsint.com\/","name":"Vestey Foods International","description":"Since 1897","potentialAction":[{"@type":"SearchAction","target":{"@type":"EntryPoint","urlTemplate":"https:\/\/www.vesteyfoodsint.com\/?s={search_term_string}"},"query-input":"required name=search_term_string"}],"inLanguage":"es-ES"},{"@type":"ImageObject","inLanguage":"es-ES","@id":"https:\/\/www.vesteyfoodsint.com\/es\/contacto\/#primaryimage","url":"https:\/\/www.vesteyfoodsint.com\/wp-content\/uploads\/sites\/3\/2022\/07\/AdobeStock_344153875-scaled.jpeg","contentUrl":"https:\/\/www.vesteyfoodsint.com\/wp-content\/uploads\/sites\/3\/2022\/07\/AdobeStock_344153875-scaled.jpeg","width":2560,"height":1707,"caption":"Sonriente, simp\u00e1tico y joven operador de centro de llamadas."},{"@type":"WebPage","@id":"https:\/\/www.vesteyfoodsint.com\/es\/contacto\/","url":"https:\/\/www.vesteyfoodsint.com\/es\/contacto\/","name":"Contacto - Vestey Foods International","isPartOf":{"@id":"https:\/\/www.vesteyfoodsint.com\/#website"},"primaryImageOfPage":{"@id":"https:\/\/www.vesteyfoodsint.com\/es\/contacto\/#primaryimage"},"datePublished":"2022-07-22T12:12:53+00:00","dateModified":"2025-09-02T10:29:11+00:00","breadcrumb":{"@id":"https:\/\/www.vesteyfoodsint.com\/es\/contacto\/#breadcrumb"},"inLanguage":"es-ES","potentialAction":[{"@type":"ReadAction","target":["https:\/\/www.vesteyfoodsint.com\/es\/contacto\/"]}]},{"@type":"BreadcrumbList","@id":"https:\/\/www.vesteyfoodsint.com\/es\/contacto\/#breadcrumb","itemListElement":[{"@type":"ListItem","position":1,"name":"Home","item":"https:\/\/www.vesteyfoodsint.com\/es\/"},{"@type":"ListItem","position":2,"name":"Contacto"}]}]}},"_links":{"self":[{"href":"https:\/\/www.vesteyfoodsint.com\/es\/wp-json\/wp\/v2\/pages\/683"}],"collection":[{"href":"https:\/\/www.vesteyfoodsint.com\/es\/wp-json\/wp\/v2\/pages"}],"about":[{"href":"https:\/\/www.vesteyfoodsint.com\/es\/wp-json\/wp\/v2\/types\/page"}],"author":[{"embeddable":true,"href":"https:\/\/www.vesteyfoodsint.com\/es\/wp-json\/wp\/v2\/users\/1"}],"replies":[{"embeddable":true,"href":"https:\/\/www.vesteyfoodsint.com\/es\/wp-json\/wp\/v2\/comments?post=683"}],"version-history":[{"count":3,"href":"https:\/\/www.vesteyfoodsint.com\/es\/wp-json\/wp\/v2\/pages\/683\/revisions"}],"predecessor-version":[{"id":1841,"href":"https:\/\/www.vesteyfoodsint.com\/es\/wp-json\/wp\/v2\/pages\/683\/revisions\/1841"}],"wp:attachment":[{"href":"https:\/\/www.vesteyfoodsint.com\/es\/wp-json\/wp\/v2\/media?parent=683"}],"curies":[{"name":"wp","href":"https:\/\/api.w.org\/{rel}","templated":true}]}}